{"id":719,"date":"2024-11-29T00:46:13","date_gmt":"2024-11-29T00:46:13","guid":{"rendered":"https:\/\/alejajewelryart.com\/producto\/broche-esplendor-unico\/"},"modified":"2025-10-14T16:13:05","modified_gmt":"2025-10-14T16:13:05","slug":"broche-esplendor-unico","status":"publish","type":"product","link":"https:\/\/alejajewelryart.com\/fr\/producto\/broche-esplendor-unico\/","title":{"rendered":"Broche Esplendor \u00danico"},"content":{"rendered":"","protected":false},"excerpt":{"rendered":"<p>Broche \u00fanico, dise\u00f1o exclusivo hecho a mano.<\/p>\n","protected":false},"featured_media":477,"comment_status":"open","ping_status":"closed","template":"","meta":{"_acf_changed":false,"iawp_total_views":0},"marca":[79,89],"product_brand":[],"product_cat":[173,174],"product_tag":[213,214,208],"class_list":{"0":"post-719","1":"product","2":"type-product","3":"status-publish","4":"has-post-thumbnail","6":"marca-aleja","7":"marca-joyeria","8":"product_cat-alianzas-fr","9":"product_cat-broches-fr","10":"product_tag-artesanal-fr","11":"product_tag-exclusivo-fr","12":"product_tag-unico-fr","14":"first","15":"instock","16":"sale","17":"shipping-taxable","18":"purchasable","19":"product-type-simple"},"acf":[],"yoast_head":"<!-- This site is optimized with the Yoast SEO plugin v27.4 - https:\/\/yoast.com\/product\/yoast-seo-wordpress\/ -->\n<title>Broche Esplendor \u00danico - Aleja Jewelry Art<\/title>\n<meta name=\"robots\" content=\"index, follow, max-snippet:-1, max-image-preview:large, max-video-preview:-1\" \/>\n<link rel=\"canonical\" href=\"https:\/\/alejajewelryart.com\/fr\/producto\/broche-esplendor-unico\/\" \/>\n<meta property=\"og:locale\" content=\"fr_FR\" \/>\n<meta property=\"og:type\" content=\"article\" \/>\n<meta property=\"og:title\" content=\"Broche Esplendor \u00danico - Aleja Jewelry Art\" \/>\n<meta property=\"og:description\" content=\"Broche \u00fanico, dise\u00f1o exclusivo hecho a mano.\" \/>\n<meta property=\"og:url\" content=\"https:\/\/alejajewelryart.com\/fr\/producto\/broche-esplendor-unico\/\" \/>\n<meta property=\"og:site_name\" content=\"Aleja Jewelry Art\" \/>\n<meta property=\"article:modified_time\" content=\"2025-10-14T16:13:05+00:00\" \/>\n<meta property=\"og:image\" content=\"https:\/\/alejajewelryart.com\/wp-content\/uploads\/2024\/11\/Leonardo_Vision_XL_Crea_una_imagen_de_un_broche_exclusivo_y_ar_0.jpg\" \/>\n\t<meta property=\"og:image:width\" content=\"1792\" \/>\n\t<meta property=\"og:image:height\" content=\"1456\" \/>\n\t<meta property=\"og:image:type\" content=\"image\/jpeg\" \/>\n<meta name=\"twitter:card\" content=\"summary_large_image\" \/>\n<!-- \/ Yoast SEO plugin. -->","yoast_head_json":{"title":"Broche Esplendor \u00danico - Aleja Jewelry Art","robots":{"index":"index","follow":"follow","max-snippet":"max-snippet:-1","max-image-preview":"max-image-preview:large","max-video-preview":"max-video-preview:-1"},"canonical":"https:\/\/alejajewelryart.com\/fr\/producto\/broche-esplendor-unico\/","og_locale":"fr_FR","og_type":"article","og_title":"Broche Esplendor \u00danico - Aleja Jewelry Art","og_description":"Broche \u00fanico, dise\u00f1o exclusivo hecho a mano.","og_url":"https:\/\/alejajewelryart.com\/fr\/producto\/broche-esplendor-unico\/","og_site_name":"Aleja Jewelry Art","article_modified_time":"2025-10-14T16:13:05+00:00","og_image":[{"width":1792,"height":1456,"url":"https:\/\/alejajewelryart.com\/wp-content\/uploads\/2024\/11\/Leonardo_Vision_XL_Crea_una_imagen_de_un_broche_exclusivo_y_ar_0.jpg","type":"image\/jpeg"}],"twitter_card":"summary_large_image","schema":{"@context":"https:\/\/schema.org","@graph":[{"@type":"WebPage","@id":"https:\/\/alejajewelryart.com\/fr\/producto\/broche-esplendor-unico\/","url":"https:\/\/alejajewelryart.com\/fr\/producto\/broche-esplendor-unico\/","name":"Broche Esplendor \u00danico - Aleja Jewelry Art","isPartOf":{"@id":"https:\/\/alejajewelryart.com\/fr\/#website"},"primaryImageOfPage":{"@id":"https:\/\/alejajewelryart.com\/fr\/producto\/broche-esplendor-unico\/#primaryimage"},"image":{"@id":"https:\/\/alejajewelryart.com\/fr\/producto\/broche-esplendor-unico\/#primaryimage"},"thumbnailUrl":"https:\/\/alejajewelryart.com\/wp-content\/uploads\/2024\/11\/Leonardo_Vision_XL_Crea_una_imagen_de_un_broche_exclusivo_y_ar_0.jpg","datePublished":"2024-11-29T00:46:13+00:00","dateModified":"2025-10-14T16:13:05+00:00","breadcrumb":{"@id":"https:\/\/alejajewelryart.com\/fr\/producto\/broche-esplendor-unico\/#breadcrumb"},"inLanguage":"fr-FR","potentialAction":[{"@type":"ReadAction","target":["https:\/\/alejajewelryart.com\/fr\/producto\/broche-esplendor-unico\/"]}]},{"@type":"ImageObject","inLanguage":"fr-FR","@id":"https:\/\/alejajewelryart.com\/fr\/producto\/broche-esplendor-unico\/#primaryimage","url":"https:\/\/alejajewelryart.com\/wp-content\/uploads\/2024\/11\/Leonardo_Vision_XL_Crea_una_imagen_de_un_broche_exclusivo_y_ar_0.jpg","contentUrl":"https:\/\/alejajewelryart.com\/wp-content\/uploads\/2024\/11\/Leonardo_Vision_XL_Crea_una_imagen_de_un_broche_exclusivo_y_ar_0.jpg","width":1792,"height":1456},{"@type":"BreadcrumbList","@id":"https:\/\/alejajewelryart.com\/fr\/producto\/broche-esplendor-unico\/#breadcrumb","itemListElement":[{"@type":"ListItem","position":1,"name":"Portada","item":"https:\/\/alejajewelryart.com\/fr\/"},{"@type":"ListItem","position":2,"name":"Tienda","item":"https:\/\/alejajewelryart.com\/fr\/tienda\/"},{"@type":"ListItem","position":3,"name":"Broche Esplendor \u00danico"}]},{"@type":"WebSite","@id":"https:\/\/alejajewelryart.com\/fr\/#website","url":"https:\/\/alejajewelryart.com\/fr\/","name":"Aleja Jewelry Art","description":"","publisher":{"@id":"https:\/\/alejajewelryart.com\/fr\/#organization"},"potentialAction":[{"@type":"SearchAction","target":{"@type":"EntryPoint","urlTemplate":"https:\/\/alejajewelryart.com\/fr\/?s={search_term_string}"},"query-input":{"@type":"PropertyValueSpecification","valueRequired":true,"valueName":"search_term_string"}}],"inLanguage":"fr-FR"},{"@type":"Organization","@id":"https:\/\/alejajewelryart.com\/fr\/#organization","name":"Aleja Jewelry Art","url":"https:\/\/alejajewelryart.com\/fr\/","logo":{"@type":"ImageObject","inLanguage":"fr-FR","@id":"https:\/\/alejajewelryart.com\/fr\/#\/schema\/logo\/image\/","url":"https:\/\/alejajewelryart.com\/wp-content\/uploads\/2024\/11\/6748950f0fe88_aleja_oro-removebg-preview.png","contentUrl":"https:\/\/alejajewelryart.com\/wp-content\/uploads\/2024\/11\/6748950f0fe88_aleja_oro-removebg-preview.png","width":392,"height":390,"caption":"Aleja Jewelry Art"},"image":{"@id":"https:\/\/alejajewelryart.com\/fr\/#\/schema\/logo\/image\/"}}]}},"_links":{"self":[{"href":"https:\/\/alejajewelryart.com\/fr\/wp-json\/wp\/v2\/product\/719","targetHints":{"allow":["GET"]}}],"collection":[{"href":"https:\/\/alejajewelryart.com\/fr\/wp-json\/wp\/v2\/product"}],"about":[{"href":"https:\/\/alejajewelryart.com\/fr\/wp-json\/wp\/v2\/types\/product"}],"replies":[{"embeddable":true,"href":"https:\/\/alejajewelryart.com\/fr\/wp-json\/wp\/v2\/comments?post=719"}],"wp:featuredmedia":[{"embeddable":true,"href":"https:\/\/alejajewelryart.com\/fr\/wp-json\/wp\/v2\/media\/477"}],"wp:attachment":[{"href":"https:\/\/alejajewelryart.com\/fr\/wp-json\/wp\/v2\/media?parent=719"}],"wp:term":[{"taxonomy":"marca","embeddable":true,"href":"https:\/\/alejajewelryart.com\/fr\/wp-json\/wp\/v2\/marca?post=719"},{"taxonomy":"product_brand","embeddable":true,"href":"https:\/\/alejajewelryart.com\/fr\/wp-json\/wp\/v2\/product_brand?post=719"},{"taxonomy":"product_cat","embeddable":true,"href":"https:\/\/alejajewelryart.com\/fr\/wp-json\/wp\/v2\/product_cat?post=719"},{"taxonomy":"product_tag","embeddable":true,"href":"https:\/\/alejajewelryart.com\/fr\/wp-json\/wp\/v2\/product_tag?post=719"}],"curies":[{"name":"wp","href":"https:\/\/api.w.org\/{rel}","templated":true}]}}