{"id":717,"date":"2024-11-29T00:48:05","date_gmt":"2024-11-29T00:48:05","guid":{"rendered":"https:\/\/alejajewelryart.com\/producto\/collar-unico-de-zafiro-y-plata-estelar\/"},"modified":"2025-10-14T16:12:44","modified_gmt":"2025-10-14T16:12:44","slug":"collar-unico-de-zafiro-y-plata-estelar","status":"publish","type":"product","link":"https:\/\/alejajewelryart.com\/fr\/producto\/collar-unico-de-zafiro-y-plata-estelar\/","title":{"rendered":"Collar \u00danico de Zafiro y Plata Estelar"},"content":{"rendered":"","protected":false},"excerpt":{"rendered":"<p>Collar exclusivo con zafiro azul y plata, dise\u00f1o \u00fanico y elegante.<\/p>\n","protected":false},"featured_media":503,"comment_status":"open","ping_status":"closed","template":"","meta":{"_acf_changed":false,"iawp_total_views":0},"marca":[96,97],"product_brand":[],"product_cat":[179,182],"product_tag":[209,210,211],"class_list":{"0":"post-717","1":"product","2":"type-product","3":"status-publish","4":"has-post-thumbnail","6":"marca-aleja-jewels","7":"marca-arte-aleja","8":"product_cat-collares-fr","9":"product_cat-pendientes-fr","10":"product_tag-collares-unicos-fr","11":"product_tag-disenos-exclusivos-fr","12":"product_tag-joyeria-de-autor-fr","14":"first","15":"instock","16":"sale","17":"shipping-taxable","18":"purchasable","19":"product-type-simple"},"acf":[],"yoast_head":"<!-- This site is optimized with the Yoast SEO plugin v27.4 - https:\/\/yoast.com\/product\/yoast-seo-wordpress\/ -->\n<title>Collar \u00danico de Zafiro y Plata Estelar - Aleja Jewelry Art<\/title>\n<meta name=\"robots\" content=\"index, follow, max-snippet:-1, max-image-preview:large, max-video-preview:-1\" \/>\n<link rel=\"canonical\" href=\"https:\/\/alejajewelryart.com\/fr\/producto\/collar-unico-de-zafiro-y-plata-estelar\/\" \/>\n<meta property=\"og:locale\" content=\"fr_FR\" \/>\n<meta property=\"og:type\" content=\"article\" \/>\n<meta property=\"og:title\" content=\"Collar \u00danico de Zafiro y Plata Estelar - Aleja Jewelry Art\" \/>\n<meta property=\"og:description\" content=\"Collar exclusivo con zafiro azul y plata, dise\u00f1o \u00fanico y elegante.\" \/>\n<meta property=\"og:url\" content=\"https:\/\/alejajewelryart.com\/fr\/producto\/collar-unico-de-zafiro-y-plata-estelar\/\" \/>\n<meta property=\"og:site_name\" content=\"Aleja Jewelry Art\" \/>\n<meta property=\"article:modified_time\" content=\"2025-10-14T16:12:44+00:00\" \/>\n<meta property=\"og:image\" content=\"https:\/\/alejajewelryart.com\/wp-content\/uploads\/2024\/11\/Leonardo_Vision_XL_Disea_una_imagen_de_un_lujoso_collar_con_un_0.jpg\" \/>\n\t<meta property=\"og:image:width\" content=\"1792\" \/>\n\t<meta property=\"og:image:height\" content=\"1456\" \/>\n\t<meta property=\"og:image:type\" content=\"image\/jpeg\" \/>\n<meta name=\"twitter:card\" content=\"summary_large_image\" \/>\n<!-- \/ Yoast SEO plugin. -->","yoast_head_json":{"title":"Collar \u00danico de Zafiro y Plata Estelar - Aleja Jewelry Art","robots":{"index":"index","follow":"follow","max-snippet":"max-snippet:-1","max-image-preview":"max-image-preview:large","max-video-preview":"max-video-preview:-1"},"canonical":"https:\/\/alejajewelryart.com\/fr\/producto\/collar-unico-de-zafiro-y-plata-estelar\/","og_locale":"fr_FR","og_type":"article","og_title":"Collar \u00danico de Zafiro y Plata Estelar - Aleja Jewelry Art","og_description":"Collar exclusivo con zafiro azul y plata, dise\u00f1o \u00fanico y elegante.","og_url":"https:\/\/alejajewelryart.com\/fr\/producto\/collar-unico-de-zafiro-y-plata-estelar\/","og_site_name":"Aleja Jewelry Art","article_modified_time":"2025-10-14T16:12:44+00:00","og_image":[{"width":1792,"height":1456,"url":"https:\/\/alejajewelryart.com\/wp-content\/uploads\/2024\/11\/Leonardo_Vision_XL_Disea_una_imagen_de_un_lujoso_collar_con_un_0.jpg","type":"image\/jpeg"}],"twitter_card":"summary_large_image","schema":{"@context":"https:\/\/schema.org","@graph":[{"@type":"WebPage","@id":"https:\/\/alejajewelryart.com\/fr\/producto\/collar-unico-de-zafiro-y-plata-estelar\/","url":"https:\/\/alejajewelryart.com\/fr\/producto\/collar-unico-de-zafiro-y-plata-estelar\/","name":"Collar \u00danico de Zafiro y Plata Estelar - Aleja Jewelry Art","isPartOf":{"@id":"https:\/\/alejajewelryart.com\/fr\/#website"},"primaryImageOfPage":{"@id":"https:\/\/alejajewelryart.com\/fr\/producto\/collar-unico-de-zafiro-y-plata-estelar\/#primaryimage"},"image":{"@id":"https:\/\/alejajewelryart.com\/fr\/producto\/collar-unico-de-zafiro-y-plata-estelar\/#primaryimage"},"thumbnailUrl":"https:\/\/alejajewelryart.com\/wp-content\/uploads\/2024\/11\/Leonardo_Vision_XL_Disea_una_imagen_de_un_lujoso_collar_con_un_0.jpg","datePublished":"2024-11-29T00:48:05+00:00","dateModified":"2025-10-14T16:12:44+00:00","breadcrumb":{"@id":"https:\/\/alejajewelryart.com\/fr\/producto\/collar-unico-de-zafiro-y-plata-estelar\/#breadcrumb"},"inLanguage":"fr-FR","potentialAction":[{"@type":"ReadAction","target":["https:\/\/alejajewelryart.com\/fr\/producto\/collar-unico-de-zafiro-y-plata-estelar\/"]}]},{"@type":"ImageObject","inLanguage":"fr-FR","@id":"https:\/\/alejajewelryart.com\/fr\/producto\/collar-unico-de-zafiro-y-plata-estelar\/#primaryimage","url":"https:\/\/alejajewelryart.com\/wp-content\/uploads\/2024\/11\/Leonardo_Vision_XL_Disea_una_imagen_de_un_lujoso_collar_con_un_0.jpg","contentUrl":"https:\/\/alejajewelryart.com\/wp-content\/uploads\/2024\/11\/Leonardo_Vision_XL_Disea_una_imagen_de_un_lujoso_collar_con_un_0.jpg","width":1792,"height":1456},{"@type":"BreadcrumbList","@id":"https:\/\/alejajewelryart.com\/fr\/producto\/collar-unico-de-zafiro-y-plata-estelar\/#breadcrumb","itemListElement":[{"@type":"ListItem","position":1,"name":"Portada","item":"https:\/\/alejajewelryart.com\/fr\/"},{"@type":"ListItem","position":2,"name":"Tienda","item":"https:\/\/alejajewelryart.com\/fr\/tienda\/"},{"@type":"ListItem","position":3,"name":"Collar \u00danico de Zafiro y Plata Estelar"}]},{"@type":"WebSite","@id":"https:\/\/alejajewelryart.com\/fr\/#website","url":"https:\/\/alejajewelryart.com\/fr\/","name":"Aleja Jewelry Art","description":"","publisher":{"@id":"https:\/\/alejajewelryart.com\/fr\/#organization"},"potentialAction":[{"@type":"SearchAction","target":{"@type":"EntryPoint","urlTemplate":"https:\/\/alejajewelryart.com\/fr\/?s={search_term_string}"},"query-input":{"@type":"PropertyValueSpecification","valueRequired":true,"valueName":"search_term_string"}}],"inLanguage":"fr-FR"},{"@type":"Organization","@id":"https:\/\/alejajewelryart.com\/fr\/#organization","name":"Aleja Jewelry Art","url":"https:\/\/alejajewelryart.com\/fr\/","logo":{"@type":"ImageObject","inLanguage":"fr-FR","@id":"https:\/\/alejajewelryart.com\/fr\/#\/schema\/logo\/image\/","url":"https:\/\/alejajewelryart.com\/wp-content\/uploads\/2024\/11\/6748950f0fe88_aleja_oro-removebg-preview.png","contentUrl":"https:\/\/alejajewelryart.com\/wp-content\/uploads\/2024\/11\/6748950f0fe88_aleja_oro-removebg-preview.png","width":392,"height":390,"caption":"Aleja Jewelry Art"},"image":{"@id":"https:\/\/alejajewelryart.com\/fr\/#\/schema\/logo\/image\/"}}]}},"_links":{"self":[{"href":"https:\/\/alejajewelryart.com\/fr\/wp-json\/wp\/v2\/product\/717","targetHints":{"allow":["GET"]}}],"collection":[{"href":"https:\/\/alejajewelryart.com\/fr\/wp-json\/wp\/v2\/product"}],"about":[{"href":"https:\/\/alejajewelryart.com\/fr\/wp-json\/wp\/v2\/types\/product"}],"replies":[{"embeddable":true,"href":"https:\/\/alejajewelryart.com\/fr\/wp-json\/wp\/v2\/comments?post=717"}],"wp:featuredmedia":[{"embeddable":true,"href":"https:\/\/alejajewelryart.com\/fr\/wp-json\/wp\/v2\/media\/503"}],"wp:attachment":[{"href":"https:\/\/alejajewelryart.com\/fr\/wp-json\/wp\/v2\/media?parent=717"}],"wp:term":[{"taxonomy":"marca","embeddable":true,"href":"https:\/\/alejajewelryart.com\/fr\/wp-json\/wp\/v2\/marca?post=717"},{"taxonomy":"product_brand","embeddable":true,"href":"https:\/\/alejajewelryart.com\/fr\/wp-json\/wp\/v2\/product_brand?post=717"},{"taxonomy":"product_cat","embeddable":true,"href":"https:\/\/alejajewelryart.com\/fr\/wp-json\/wp\/v2\/product_cat?post=717"},{"taxonomy":"product_tag","embeddable":true,"href":"https:\/\/alejajewelryart.com\/fr\/wp-json\/wp\/v2\/product_tag?post=717"}],"curies":[{"name":"wp","href":"https:\/\/api.w.org\/{rel}","templated":true}]}}