{"id":700,"date":"2024-11-29T00:44:29","date_gmt":"2024-11-29T00:44:29","guid":{"rendered":"https:\/\/alejajewelryart.com\/producto\/pendientes-unicos-esmeralda-magica\/"},"modified":"2025-10-14T16:13:24","modified_gmt":"2025-10-14T16:13:24","slug":"pendientes-unicos-esmeralda-magica","status":"publish","type":"product","link":"https:\/\/alejajewelryart.com\/en\/producto\/pendientes-unicos-esmeralda-magica\/","title":{"rendered":"Pendientes \u00danicos Esmeralda M\u00e1gica"},"content":{"rendered":"","protected":false},"excerpt":{"rendered":"<p>Pendientes \u00fanicos de esmeralda, dise\u00f1o exclusivo y artesanal.<\/p>\n","protected":false},"featured_media":451,"comment_status":"open","ping_status":"closed","template":"","meta":{"_acf_changed":false,"iawp_total_views":1},"marca":[66,82],"product_brand":[],"product_cat":[134,135],"product_tag":[168,133,137],"class_list":{"0":"post-700","1":"product","2":"type-product","3":"status-publish","4":"has-post-thumbnail","6":"marca-aleja-jewelry","7":"marca-arte-unico","8":"product_cat-pendientes-en","9":"product_cat-sellos-en","10":"product_tag-esmeralda-en","11":"product_tag-joyeria-unica-en","12":"product_tag-pendientes-en","14":"first","15":"instock","16":"shipping-taxable","17":"purchasable","18":"product-type-simple"},"acf":[],"yoast_head":"<!-- This site is optimized with the Yoast SEO plugin v27.4 - https:\/\/yoast.com\/product\/yoast-seo-wordpress\/ -->\n<title>Pendientes \u00danicos Esmeralda M\u00e1gica - Aleja Jewelry Art<\/title>\n<meta name=\"robots\" content=\"index, follow, max-snippet:-1, max-image-preview:large, max-video-preview:-1\" \/>\n<link rel=\"canonical\" href=\"https:\/\/alejajewelryart.com\/en\/producto\/pendientes-unicos-esmeralda-magica\/\" \/>\n<meta property=\"og:locale\" content=\"en_US\" \/>\n<meta property=\"og:type\" content=\"article\" \/>\n<meta property=\"og:title\" content=\"Pendientes \u00danicos Esmeralda M\u00e1gica - Aleja Jewelry Art\" \/>\n<meta property=\"og:description\" content=\"Pendientes \u00fanicos de esmeralda, dise\u00f1o exclusivo y artesanal.\" \/>\n<meta property=\"og:url\" content=\"https:\/\/alejajewelryart.com\/en\/producto\/pendientes-unicos-esmeralda-magica\/\" \/>\n<meta property=\"og:site_name\" content=\"Aleja Jewelry Art\" \/>\n<meta property=\"article:modified_time\" content=\"2025-10-14T16:13:24+00:00\" \/>\n<meta property=\"og:image\" content=\"https:\/\/alejajewelryart.com\/wp-content\/uploads\/2024\/11\/Leonardo_Vision_XL_Pendientes_nicos_con_esmeraldas_exhibidos_s_0.jpg\" \/>\n\t<meta property=\"og:image:width\" content=\"1792\" \/>\n\t<meta property=\"og:image:height\" content=\"1456\" \/>\n\t<meta property=\"og:image:type\" content=\"image\/jpeg\" \/>\n<meta name=\"twitter:card\" content=\"summary_large_image\" \/>\n<!-- \/ Yoast SEO plugin. -->","yoast_head_json":{"title":"Pendientes \u00danicos Esmeralda M\u00e1gica - Aleja Jewelry Art","robots":{"index":"index","follow":"follow","max-snippet":"max-snippet:-1","max-image-preview":"max-image-preview:large","max-video-preview":"max-video-preview:-1"},"canonical":"https:\/\/alejajewelryart.com\/en\/producto\/pendientes-unicos-esmeralda-magica\/","og_locale":"en_US","og_type":"article","og_title":"Pendientes \u00danicos Esmeralda M\u00e1gica - Aleja Jewelry Art","og_description":"Pendientes \u00fanicos de esmeralda, dise\u00f1o exclusivo y artesanal.","og_url":"https:\/\/alejajewelryart.com\/en\/producto\/pendientes-unicos-esmeralda-magica\/","og_site_name":"Aleja Jewelry Art","article_modified_time":"2025-10-14T16:13:24+00:00","og_image":[{"width":1792,"height":1456,"url":"https:\/\/alejajewelryart.com\/wp-content\/uploads\/2024\/11\/Leonardo_Vision_XL_Pendientes_nicos_con_esmeraldas_exhibidos_s_0.jpg","type":"image\/jpeg"}],"twitter_card":"summary_large_image","schema":{"@context":"https:\/\/schema.org","@graph":[{"@type":"WebPage","@id":"https:\/\/alejajewelryart.com\/en\/producto\/pendientes-unicos-esmeralda-magica\/","url":"https:\/\/alejajewelryart.com\/en\/producto\/pendientes-unicos-esmeralda-magica\/","name":"Pendientes \u00danicos Esmeralda M\u00e1gica - Aleja Jewelry Art","isPartOf":{"@id":"https:\/\/alejajewelryart.com\/en\/#website"},"primaryImageOfPage":{"@id":"https:\/\/alejajewelryart.com\/en\/producto\/pendientes-unicos-esmeralda-magica\/#primaryimage"},"image":{"@id":"https:\/\/alejajewelryart.com\/en\/producto\/pendientes-unicos-esmeralda-magica\/#primaryimage"},"thumbnailUrl":"https:\/\/alejajewelryart.com\/wp-content\/uploads\/2024\/11\/Leonardo_Vision_XL_Pendientes_nicos_con_esmeraldas_exhibidos_s_0.jpg","datePublished":"2024-11-29T00:44:29+00:00","dateModified":"2025-10-14T16:13:24+00:00","breadcrumb":{"@id":"https:\/\/alejajewelryart.com\/en\/producto\/pendientes-unicos-esmeralda-magica\/#breadcrumb"},"inLanguage":"en-US","potentialAction":[{"@type":"ReadAction","target":["https:\/\/alejajewelryart.com\/en\/producto\/pendientes-unicos-esmeralda-magica\/"]}]},{"@type":"ImageObject","inLanguage":"en-US","@id":"https:\/\/alejajewelryart.com\/en\/producto\/pendientes-unicos-esmeralda-magica\/#primaryimage","url":"https:\/\/alejajewelryart.com\/wp-content\/uploads\/2024\/11\/Leonardo_Vision_XL_Pendientes_nicos_con_esmeraldas_exhibidos_s_0.jpg","contentUrl":"https:\/\/alejajewelryart.com\/wp-content\/uploads\/2024\/11\/Leonardo_Vision_XL_Pendientes_nicos_con_esmeraldas_exhibidos_s_0.jpg","width":1792,"height":1456},{"@type":"BreadcrumbList","@id":"https:\/\/alejajewelryart.com\/en\/producto\/pendientes-unicos-esmeralda-magica\/#breadcrumb","itemListElement":[{"@type":"ListItem","position":1,"name":"Portada","item":"https:\/\/alejajewelryart.com\/en\/"},{"@type":"ListItem","position":2,"name":"Tienda","item":"https:\/\/alejajewelryart.com\/en\/tienda\/"},{"@type":"ListItem","position":3,"name":"Pendientes \u00danicos Esmeralda M\u00e1gica"}]},{"@type":"WebSite","@id":"https:\/\/alejajewelryart.com\/en\/#website","url":"https:\/\/alejajewelryart.com\/en\/","name":"Aleja Jewelry Art","description":"","publisher":{"@id":"https:\/\/alejajewelryart.com\/en\/#organization"},"potentialAction":[{"@type":"SearchAction","target":{"@type":"EntryPoint","urlTemplate":"https:\/\/alejajewelryart.com\/en\/?s={search_term_string}"},"query-input":{"@type":"PropertyValueSpecification","valueRequired":true,"valueName":"search_term_string"}}],"inLanguage":"en-US"},{"@type":"Organization","@id":"https:\/\/alejajewelryart.com\/en\/#organization","name":"Aleja Jewelry Art","url":"https:\/\/alejajewelryart.com\/en\/","logo":{"@type":"ImageObject","inLanguage":"en-US","@id":"https:\/\/alejajewelryart.com\/en\/#\/schema\/logo\/image\/","url":"https:\/\/alejajewelryart.com\/wp-content\/uploads\/2024\/11\/6748950f0fe88_aleja_oro-removebg-preview.png","contentUrl":"https:\/\/alejajewelryart.com\/wp-content\/uploads\/2024\/11\/6748950f0fe88_aleja_oro-removebg-preview.png","width":392,"height":390,"caption":"Aleja Jewelry Art"},"image":{"@id":"https:\/\/alejajewelryart.com\/en\/#\/schema\/logo\/image\/"}}]}},"_links":{"self":[{"href":"https:\/\/alejajewelryart.com\/en\/wp-json\/wp\/v2\/product\/700","targetHints":{"allow":["GET"]}}],"collection":[{"href":"https:\/\/alejajewelryart.com\/en\/wp-json\/wp\/v2\/product"}],"about":[{"href":"https:\/\/alejajewelryart.com\/en\/wp-json\/wp\/v2\/types\/product"}],"replies":[{"embeddable":true,"href":"https:\/\/alejajewelryart.com\/en\/wp-json\/wp\/v2\/comments?post=700"}],"wp:featuredmedia":[{"embeddable":true,"href":"https:\/\/alejajewelryart.com\/en\/wp-json\/wp\/v2\/media\/451"}],"wp:attachment":[{"href":"https:\/\/alejajewelryart.com\/en\/wp-json\/wp\/v2\/media?parent=700"}],"wp:term":[{"taxonomy":"marca","embeddable":true,"href":"https:\/\/alejajewelryart.com\/en\/wp-json\/wp\/v2\/marca?post=700"},{"taxonomy":"product_brand","embeddable":true,"href":"https:\/\/alejajewelryart.com\/en\/wp-json\/wp\/v2\/product_brand?post=700"},{"taxonomy":"product_cat","embeddable":true,"href":"https:\/\/alejajewelryart.com\/en\/wp-json\/wp\/v2\/product_cat?post=700"},{"taxonomy":"product_tag","embeddable":true,"href":"https:\/\/alejajewelryart.com\/en\/wp-json\/wp\/v2\/product_tag?post=700"}],"curies":[{"name":"wp","href":"https:\/\/api.w.org\/{rel}","templated":true}]}}